{"id":6090,"date":"2026-01-08T14:30:42","date_gmt":"2026-01-08T14:30:42","guid":{"rendered":"https:\/\/www.misstubebutik.com\/?page_id=6090"},"modified":"2026-01-09T14:48:16","modified_gmt":"2026-01-09T14:48:16","slug":"mesafeli-satis-sozlesmesi","status":"publish","type":"page","link":"https:\/\/www.misstubebutik.com\/en\/mesafeli-satis-sozlesmesi\/","title":{"rendered":"Mesafeli Sat\u0131\u015f S\u00f6zle\u015fmesi"},"content":{"rendered":"<p><strong>1. TARAFLAR<\/strong><\/p>\n\n\n\n<p><strong>Sat\u0131c\u0131:<\/strong><br><strong>Unvan:<\/strong>\u00a0Misstube Butik<br><strong>Adres:<\/strong>\u00a0Velibaba Mah. Hattat Sok No:6-A Pendik \u0130stanbul<br><strong>Telefon:<\/strong>\u00a0<a href=\"tel:+90%20505%20746%2018%2052\">+90 505 746 18 52<\/a><br><strong>E-Posta:<\/strong>\u00a0<a href=\"mailto:%20%20info@misstube.com\">info@misstubebutik.com<\/a><\/p>\n\n\n\n<p><strong>Al\u0131c\u0131:<\/strong><br>Ad\u0131-Soyad\u0131\/Unvan\u0131:<br>Adresi:&nbsp;<br>Telefon:&nbsp;<br>E-Posta:&nbsp;<\/p>\n\n\n\n<p><strong>2. S\u00d6ZLE\u015eMEN\u0130N KONUSU<\/strong><\/p>\n\n\n\n<p>\u0130\u015fbu s\u00f6zle\u015fme, Al\u0131c\u0131\u2019n\u0131n Sat\u0131c\u0131\u2019ya ait&nbsp;<strong>[<\/strong><a href=\"https:\/\/www.misstubebutik.com\/en\/\">www.misstubebutik.com<\/a><strong>]<\/strong>&nbsp;internet sitesi \u00fczerinden elektronik ortamda sipari\u015f verdi\u011fi a\u015fa\u011f\u0131da nitelikleri ve sat\u0131\u015f fiyat\u0131 belirtilen \u00fcr\u00fcn\/hizmetin sat\u0131\u015f\u0131 ve teslimine ili\u015fkin olarak 6502 say\u0131l\u0131 T\u00fcketicinin Korunmas\u0131 Hakk\u0131nda Kanun ve Mesafeli S\u00f6zle\u015fmeler Y\u00f6netmeli\u011fi h\u00fck\u00fcmleri gere\u011fince taraflar\u0131n hak ve y\u00fck\u00fcml\u00fcl\u00fcklerini d\u00fczenler.<\/p>\n\n\n\n<p><strong>3. \u00dcR\u00dcN VE H\u0130ZMET B\u0130LG\u0130LER\u0130<\/strong><\/p>\n\n\n\n<figure class=\"wp-block-table\"><table class=\"has-fixed-layout\"><thead><tr><th>\u00dcr\u00fcn\/Hizmet Ad\u0131<\/th><th>Miktar<\/th><th>Fiyat (KDV Dahil)<\/th><th>Teslimat S\u00fcresi<\/th><\/tr><\/thead><tbody><tr><td>[\u00dcr\u00fcn\/Hizmet Ad\u0131]<\/td><td>[Adet]<\/td><td>[Fiyat]<\/td><td>[Teslim s\u00fcresi]<\/td><\/tr><\/tbody><\/table><\/figure>\n\n\n\n<p><strong>4. TESL\u0130MAT VE \u00d6DEME KO\u015eULLARI<\/strong><\/p>\n\n\n\n<p>4.1. \u00dcr\u00fcn, Al\u0131c\u0131\u2019n\u0131n sipari\u015f s\u0131ras\u0131nda belirtti\u011fi adrese teslim edilecektir.<br>4.2. Teslimat s\u00fcresi, stok durumuna ve lojistik ko\u015fullar\u0131na ba\u011fl\u0131 olarak [X] i\u015f g\u00fcn\u00fc i\u00e7inde tamamlanacakt\u0131r.<br>4.3. \u00d6deme, kredi kart\u0131, havale\/EFT veya kap\u0131da \u00f6deme y\u00f6ntemleriyle ger\u00e7ekle\u015ftirilebilir.<br>4.4. Sat\u0131c\u0131, hakl\u0131 bir nedenle sipari\u015fi yerine getiremeyece\u011fini \u00f6ng\u00f6r\u00fcrse, Al\u0131c\u0131\u2019y\u0131 bilgilendirerek bedelin iadesini ger\u00e7ekle\u015ftirebilir.<\/p>\n\n\n\n<p><strong>5. CAYMA HAKKI<\/strong><\/p>\n\n\n\n<p>5.1. Al\u0131c\u0131, mal\u0131 teslim ald\u0131\u011f\u0131 tarihten itibaren&nbsp;<strong>14 g\u00fcn<\/strong>&nbsp;i\u00e7inde herhangi bir gerek\u00e7e g\u00f6stermeksizin ve cezai \u015fart \u00f6demeksizin cayma hakk\u0131n\u0131 kullanabilir.<br>5.2. Cayma hakk\u0131n\u0131n kullan\u0131lmas\u0131 i\u00e7in \u00fcr\u00fcn\u00fcn zarar g\u00f6rmemi\u015f, kullan\u0131lmam\u0131\u015f ve orijinal ambalaj\u0131nda olmas\u0131 gerekmektedir.<br>5.3. Cayma hakk\u0131 kapsam\u0131nda iade edilecek \u00fcr\u00fcn\u00fcn kargo masraflar\u0131 aksi belirtilmedik\u00e7e Al\u0131c\u0131\u2019ya aittir.<\/p>\n\n\n\n<p><strong>6. SORUMLULUKLAR VE UYU\u015eMAZLIKLARIN \u00c7\u00d6Z\u00dcM\u00dc<\/strong><\/p>\n\n\n\n<p>6.1. Sat\u0131c\u0131, \u00fcr\u00fcn\u00fcn eksiksiz ve ay\u0131ps\u0131z teslim edilmesini taahh\u00fct eder.<br>6.2. Taraflar, i\u015fbu s\u00f6zle\u015fmeden do\u011fabilecek ihtilaflarda&nbsp;<strong>T\u00fcketici Hakem Heyetleri ve T\u00fcketici Mahkemeleri\u2019ni<\/strong>&nbsp;yetkili kabul eder.<\/p>\n\n\n\n<p><strong>7. Y\u00dcR\u00dcRL\u00dcK<\/strong><\/p>\n\n\n\n<p>Al\u0131c\u0131, sipari\u015f vermekle birlikte i\u015fbu s\u00f6zle\u015fmenin t\u00fcm \u015fartlar\u0131n\u0131 kabul etmi\u015f say\u0131l\u0131r.<\/p>\n\n\n\n<p><strong>Sat\u0131c\u0131:<\/strong>&nbsp;Misstube<br><strong>Al\u0131c\u0131:<\/strong>&nbsp;<br><strong>Tarih:<\/strong><\/p>","protected":false},"excerpt":{"rendered":"<p>1. TARAFLAR Sat\u0131c\u0131:Unvan:\u00a0Misstube ButikAdres:\u00a0Velibaba Mah. Hattat Sok No:6-A Pendik \u0130stanbulTelefon:\u00a0+90 505 746 18 52E-Posta:\u00a0info@misstubebutik.com Al\u0131c\u0131:Ad\u0131-Soyad\u0131\/Unvan\u0131:Adresi:&nbsp;Telefon:&nbsp;E-Posta:&nbsp; 2. S\u00d6ZLE\u015eMEN\u0130N KONUSU&hellip;<\/p>","protected":false},"author":1,"featured_media":0,"parent":0,"menu_order":0,"comment_status":"closed","ping_status":"closed","template":"","meta":{"footnotes":""},"class_list":["post-6090","page","type-page","status-publish","hentry"],"_links":{"self":[{"href":"https:\/\/www.misstubebutik.com\/en\/wp-json\/wp\/v2\/pages\/6090","targetHints":{"allow":["GET"]}}],"collection":[{"href":"https:\/\/www.misstubebutik.com\/en\/wp-json\/wp\/v2\/pages"}],"about":[{"href":"https:\/\/www.misstubebutik.com\/en\/wp-json\/wp\/v2\/types\/page"}],"author":[{"embeddable":true,"href":"https:\/\/www.misstubebutik.com\/en\/wp-json\/wp\/v2\/users\/1"}],"replies":[{"embeddable":true,"href":"https:\/\/www.misstubebutik.com\/en\/wp-json\/wp\/v2\/comments?post=6090"}],"version-history":[{"count":2,"href":"https:\/\/www.misstubebutik.com\/en\/wp-json\/wp\/v2\/pages\/6090\/revisions"}],"predecessor-version":[{"id":6106,"href":"https:\/\/www.misstubebutik.com\/en\/wp-json\/wp\/v2\/pages\/6090\/revisions\/6106"}],"wp:attachment":[{"href":"https:\/\/www.misstubebutik.com\/en\/wp-json\/wp\/v2\/media?parent=6090"}],"curies":[{"name":"wp","href":"https:\/\/api.w.org\/{rel}","templated":true}]}}