{"id":124,"date":"2021-09-10T14:52:36","date_gmt":"2021-09-10T11:52:36","guid":{"rendered":"https:\/\/www.misstubebutik.com\/?post_type=product&#038;p=124"},"modified":"2026-01-06T07:10:42","modified_gmt":"2026-01-06T07:10:42","slug":"zarif-isik-kupe","status":"publish","type":"product","link":"https:\/\/www.misstubebutik.com\/en\/shop\/zarif-isik-kupe\/","title":{"rendered":"\u015eal \u0130mannor Pembe"},"content":{"rendered":"<p>Misstube Butik koleksiyonlar\u0131nda yer alan t\u00fcm \u00fcr\u00fcnler, zarafet ve kalite anlay\u0131\u015f\u0131 esas al\u0131narak \u00f6zenle se\u00e7ilmi\u015ftir.<\/p>","protected":false},"excerpt":{"rendered":"<p>Misstube Butik koleksiyonlar\u0131nda yer alan t\u00fcm \u00fcr\u00fcnler, zarafet ve kalite anlay\u0131\u015f\u0131 esas al\u0131narak \u00f6zenle se\u00e7ilmi\u015ftir.<\/p>","protected":false},"featured_media":6034,"comment_status":"open","ping_status":"closed","template":"","meta":[],"product_cat":[110],"product_tag":[53,65],"class_list":{"0":"post-124","1":"product","2":"type-product","3":"status-publish","4":"has-post-thumbnail","6":"product_cat-sal","7":"product_tag-gold","8":"product_tag-necklace","9":"pa_marka-noy","11":"first","12":"instock","13":"shipping-taxable","14":"purchasable","15":"product-type-simple"},"_links":{"self":[{"href":"https:\/\/www.misstubebutik.com\/en\/wp-json\/wp\/v2\/product\/124","targetHints":{"allow":["GET"]}}],"collection":[{"href":"https:\/\/www.misstubebutik.com\/en\/wp-json\/wp\/v2\/product"}],"about":[{"href":"https:\/\/www.misstubebutik.com\/en\/wp-json\/wp\/v2\/types\/product"}],"replies":[{"embeddable":true,"href":"https:\/\/www.misstubebutik.com\/en\/wp-json\/wp\/v2\/comments?post=124"}],"version-history":[{"count":4,"href":"https:\/\/www.misstubebutik.com\/en\/wp-json\/wp\/v2\/product\/124\/revisions"}],"predecessor-version":[{"id":6041,"href":"https:\/\/www.misstubebutik.com\/en\/wp-json\/wp\/v2\/product\/124\/revisions\/6041"}],"wp:featuredmedia":[{"embeddable":true,"href":"https:\/\/www.misstubebutik.com\/en\/wp-json\/wp\/v2\/media\/6034"}],"wp:attachment":[{"href":"https:\/\/www.misstubebutik.com\/en\/wp-json\/wp\/v2\/media?parent=124"}],"wp:term":[{"taxonomy":"product_cat","embeddable":true,"href":"https:\/\/www.misstubebutik.com\/en\/wp-json\/wp\/v2\/product_cat?post=124"},{"taxonomy":"product_tag","embeddable":true,"href":"https:\/\/www.misstubebutik.com\/en\/wp-json\/wp\/v2\/product_tag?post=124"}],"curies":[{"name":"wp","href":"https:\/\/api.w.org\/{rel}","templated":true}]}}