{"id":128,"date":"2025-12-12T15:52:36","date_gmt":"2025-12-12T15:52:36","guid":{"rendered":"https:\/\/www.misstubebutik.com\/?post_type=product&#038;p=128"},"modified":"2026-01-16T12:14:44","modified_gmt":"2026-01-16T12:14:44","slug":"blazer-kase-ceket","status":"publish","type":"product","link":"https:\/\/www.misstubebutik.com\/en\/shop\/blazer-kase-ceket\/","title":{"rendered":"Blazer Ka\u015fe Ceket Deneme"},"content":{"rendered":"<p>Zems markas\u0131na ait<br \/>\n38 beden<br \/>\nKa\u015fe ve deri detayl\u0131<br \/>\nKemerli<br \/>\nBlazer ka\u015fe ceket<\/p>","protected":false},"excerpt":{"rendered":"<p>Misstube Butik koleksiyonlar\u0131nda yer alan t\u00fcm \u00fcr\u00fcnler, zarafet ve kalite anlay\u0131\u015f\u0131 esas al\u0131narak \u00f6zenle se\u00e7ilmi\u015ftir.<\/p>","protected":false},"featured_media":5987,"comment_status":"open","ping_status":"closed","template":"","meta":[],"product_cat":[105],"product_tag":[],"class_list":{"0":"post-128","1":"product","2":"type-product","3":"status-publish","4":"has-post-thumbnail","6":"product_cat-ceket","7":"pa_marka-almarwah","8":"pa_marka-armodia","9":"pa_marka-edscarf","11":"first","12":"instock","13":"shipping-taxable","14":"purchasable","15":"product-type-variable"},"_links":{"self":[{"href":"https:\/\/www.misstubebutik.com\/en\/wp-json\/wp\/v2\/product\/128","targetHints":{"allow":["GET"]}}],"collection":[{"href":"https:\/\/www.misstubebutik.com\/en\/wp-json\/wp\/v2\/product"}],"about":[{"href":"https:\/\/www.misstubebutik.com\/en\/wp-json\/wp\/v2\/types\/product"}],"replies":[{"embeddable":true,"href":"https:\/\/www.misstubebutik.com\/en\/wp-json\/wp\/v2\/comments?post=128"}],"version-history":[{"count":9,"href":"https:\/\/www.misstubebutik.com\/en\/wp-json\/wp\/v2\/product\/128\/revisions"}],"predecessor-version":[{"id":6203,"href":"https:\/\/www.misstubebutik.com\/en\/wp-json\/wp\/v2\/product\/128\/revisions\/6203"}],"wp:featuredmedia":[{"embeddable":true,"href":"https:\/\/www.misstubebutik.com\/en\/wp-json\/wp\/v2\/media\/5987"}],"wp:attachment":[{"href":"https:\/\/www.misstubebutik.com\/en\/wp-json\/wp\/v2\/media?parent=128"}],"wp:term":[{"taxonomy":"product_cat","embeddable":true,"href":"https:\/\/www.misstubebutik.com\/en\/wp-json\/wp\/v2\/product_cat?post=128"},{"taxonomy":"product_tag","embeddable":true,"href":"https:\/\/www.misstubebutik.com\/en\/wp-json\/wp\/v2\/product_tag?post=128"}],"curies":[{"name":"wp","href":"https:\/\/api.w.org\/{rel}","templated":true}]}}