{"id":6246,"date":"2026-02-02T11:13:17","date_gmt":"2026-02-02T11:13:17","guid":{"rendered":"https:\/\/www.misstubebutik.com\/?post_type=product&#038;p=6246"},"modified":"2026-02-02T11:18:04","modified_gmt":"2026-02-02T11:18:04","slug":"qupra-premium-bordo-takim","status":"publish","type":"product","link":"https:\/\/www.misstubebutik.com\/en\/shop\/qupra-premium-bordo-takim\/","title":{"rendered":"Qupra Premium Bordo Tak\u0131m"},"content":{"rendered":"<p>Pamuklu \u00e7elik \u00f6rme dokusunda\u00a0 bol pa\u00e7a pantalon beli lastikli rahat kal\u0131p\u00a0 k\u00fcrkl\u00fc<\/p>\n<p>K\u00fcrk k\u0131sm\u0131 d\u00fc\u011fmeli \u00e7\u0131kabilir .<\/p>","protected":false},"excerpt":{"rendered":"<p>Bordo uzun ceket ve\u00a0 bol pa\u00e7a lastikli pantolon<\/p>\n<p>Rahat ve \u015f\u0131k olmak isteyenler i\u00e7in<\/p>","protected":false},"featured_media":6247,"comment_status":"open","ping_status":"closed","template":"","meta":[],"product_cat":[107],"product_tag":[121,113,122,118,119,120],"class_list":{"0":"post-6246","1":"product","2":"type-product","3":"status-publish","4":"has-post-thumbnail","6":"product_cat-takim","7":"product_tag-bordo-uzun-ceket","8":"product_tag-ceket","9":"product_tag-dis-giyim","10":"product_tag-pantolon","11":"product_tag-takim","12":"product_tag-uzun-ceket","13":"pa_marka-2-beden-40-42","14":"pa_marka-3-beden42-44","15":"pa_marka-qupra","17":"first","18":"instock","19":"sale","20":"shipping-taxable","21":"purchasable","22":"product-type-simple"},"_links":{"self":[{"href":"https:\/\/www.misstubebutik.com\/en\/wp-json\/wp\/v2\/product\/6246","targetHints":{"allow":["GET"]}}],"collection":[{"href":"https:\/\/www.misstubebutik.com\/en\/wp-json\/wp\/v2\/product"}],"about":[{"href":"https:\/\/www.misstubebutik.com\/en\/wp-json\/wp\/v2\/types\/product"}],"replies":[{"embeddable":true,"href":"https:\/\/www.misstubebutik.com\/en\/wp-json\/wp\/v2\/comments?post=6246"}],"version-history":[{"count":1,"href":"https:\/\/www.misstubebutik.com\/en\/wp-json\/wp\/v2\/product\/6246\/revisions"}],"predecessor-version":[{"id":6251,"href":"https:\/\/www.misstubebutik.com\/en\/wp-json\/wp\/v2\/product\/6246\/revisions\/6251"}],"wp:featuredmedia":[{"embeddable":true,"href":"https:\/\/www.misstubebutik.com\/en\/wp-json\/wp\/v2\/media\/6247"}],"wp:attachment":[{"href":"https:\/\/www.misstubebutik.com\/en\/wp-json\/wp\/v2\/media?parent=6246"}],"wp:term":[{"taxonomy":"product_cat","embeddable":true,"href":"https:\/\/www.misstubebutik.com\/en\/wp-json\/wp\/v2\/product_cat?post=6246"},{"taxonomy":"product_tag","embeddable":true,"href":"https:\/\/www.misstubebutik.com\/en\/wp-json\/wp\/v2\/product_tag?post=6246"}],"curies":[{"name":"wp","href":"https:\/\/api.w.org\/{rel}","templated":true}]}}