{"id":6253,"date":"2026-02-02T11:42:21","date_gmt":"2026-02-02T11:42:21","guid":{"rendered":"https:\/\/www.misstubebutik.com\/?post_type=product&#038;p=6253"},"modified":"2026-02-02T12:45:03","modified_gmt":"2026-02-02T12:45:03","slug":"noi-scuba-kap","status":"publish","type":"product","link":"https:\/\/www.misstubebutik.com\/en\/shop\/noi-scuba-kap\/","title":{"rendered":"Noi Scuba Kap"},"content":{"rendered":"<p>Pul detayl\u0131 \u00f6n\u00fc a\u00e7\u0131k scuba d\u0131\u015f giyim<\/p>\n<p>Giy \u00e7\u0131k kap<\/p>\n<p>Noi kalitesi ile kal\u0131p rahat esnek<\/p>","protected":false},"excerpt":{"rendered":"<p>Noi markas\u0131 scuba kap<\/p>\n<p>rahat ve esnek<\/p>\n<p>\u015f\u0131k ve g\u00fcnl\u00fck kullan\u0131m i\u00e7in uygun<\/p>","protected":false},"featured_media":6250,"comment_status":"open","ping_status":"closed","template":"","meta":[],"product_cat":[105],"product_tag":[125,126],"class_list":{"0":"post-6253","1":"product","2":"type-product","3":"status-publish","4":"has-post-thumbnail","6":"product_cat-ceket","7":"product_tag-kap","8":"product_tag-scubaceket","10":"first","11":"instock","12":"sale","13":"shipping-taxable","14":"purchasable","15":"product-type-simple"},"_links":{"self":[{"href":"https:\/\/www.misstubebutik.com\/en\/wp-json\/wp\/v2\/product\/6253","targetHints":{"allow":["GET"]}}],"collection":[{"href":"https:\/\/www.misstubebutik.com\/en\/wp-json\/wp\/v2\/product"}],"about":[{"href":"https:\/\/www.misstubebutik.com\/en\/wp-json\/wp\/v2\/types\/product"}],"replies":[{"embeddable":true,"href":"https:\/\/www.misstubebutik.com\/en\/wp-json\/wp\/v2\/comments?post=6253"}],"version-history":[{"count":1,"href":"https:\/\/www.misstubebutik.com\/en\/wp-json\/wp\/v2\/product\/6253\/revisions"}],"predecessor-version":[{"id":6254,"href":"https:\/\/www.misstubebutik.com\/en\/wp-json\/wp\/v2\/product\/6253\/revisions\/6254"}],"wp:featuredmedia":[{"embeddable":true,"href":"https:\/\/www.misstubebutik.com\/en\/wp-json\/wp\/v2\/media\/6250"}],"wp:attachment":[{"href":"https:\/\/www.misstubebutik.com\/en\/wp-json\/wp\/v2\/media?parent=6253"}],"wp:term":[{"taxonomy":"product_cat","embeddable":true,"href":"https:\/\/www.misstubebutik.com\/en\/wp-json\/wp\/v2\/product_cat?post=6253"},{"taxonomy":"product_tag","embeddable":true,"href":"https:\/\/www.misstubebutik.com\/en\/wp-json\/wp\/v2\/product_tag?post=6253"}],"curies":[{"name":"wp","href":"https:\/\/api.w.org\/{rel}","templated":true}]}}