{"id":6341,"date":"2026-03-30T11:50:37","date_gmt":"2026-03-30T11:50:37","guid":{"rendered":"https:\/\/www.misstubebutik.com\/?post_type=product&#038;p=6341"},"modified":"2026-03-30T12:37:22","modified_gmt":"2026-03-30T12:37:22","slug":"puane-qupra-kap","status":"publish","type":"product","link":"https:\/\/www.misstubebutik.com\/en\/shop\/puane-qupra-kap\/","title":{"rendered":"Puane Qupra Kap"},"content":{"rendered":"<p>Qupra dokusu ile \u00f6nden fermuar detayl\u0131 tril tril kuma\u015f\u0131 ile<\/p>\n<p>Hem g\u00fcnl\u00fck hem \u00f6zel g\u00fcnlerinizde rahat hissettirecek d\u0131\u015f giyim<\/p>\n<p>Kal\u0131b\u0131 rahat esnek kuma\u015f de\u011fildir<\/p>\n<p>&nbsp;<\/p>","protected":false},"excerpt":{"rendered":"<p>Qupra dokusu ile \u00f6nden fermuar detayl\u0131 tril tril kuma\u015f\u0131 ile Hem g\u00fcnl\u00fck hem \u00f6zel g\u00fcnlerinizde rahat hissettirecek d\u0131\u015f&hellip;<\/p>","protected":false},"featured_media":6325,"comment_status":"open","ping_status":"closed","template":"","meta":[],"product_cat":[163],"product_tag":[122,125],"class_list":{"0":"post-6341","1":"product","2":"type-product","3":"status-publish","4":"has-post-thumbnail","6":"product_cat-dis-giyim","7":"product_tag-dis-giyim","8":"product_tag-kap","9":"pa_marka-puane","11":"first","12":"instock","13":"sale","14":"shipping-taxable","15":"purchasable","16":"product-type-simple"},"_links":{"self":[{"href":"https:\/\/www.misstubebutik.com\/en\/wp-json\/wp\/v2\/product\/6341","targetHints":{"allow":["GET"]}}],"collection":[{"href":"https:\/\/www.misstubebutik.com\/en\/wp-json\/wp\/v2\/product"}],"about":[{"href":"https:\/\/www.misstubebutik.com\/en\/wp-json\/wp\/v2\/types\/product"}],"replies":[{"embeddable":true,"href":"https:\/\/www.misstubebutik.com\/en\/wp-json\/wp\/v2\/comments?post=6341"}],"version-history":[{"count":1,"href":"https:\/\/www.misstubebutik.com\/en\/wp-json\/wp\/v2\/product\/6341\/revisions"}],"predecessor-version":[{"id":6342,"href":"https:\/\/www.misstubebutik.com\/en\/wp-json\/wp\/v2\/product\/6341\/revisions\/6342"}],"wp:featuredmedia":[{"embeddable":true,"href":"https:\/\/www.misstubebutik.com\/en\/wp-json\/wp\/v2\/media\/6325"}],"wp:attachment":[{"href":"https:\/\/www.misstubebutik.com\/en\/wp-json\/wp\/v2\/media?parent=6341"}],"wp:term":[{"taxonomy":"product_cat","embeddable":true,"href":"https:\/\/www.misstubebutik.com\/en\/wp-json\/wp\/v2\/product_cat?post=6341"},{"taxonomy":"product_tag","embeddable":true,"href":"https:\/\/www.misstubebutik.com\/en\/wp-json\/wp\/v2\/product_tag?post=6341"}],"curies":[{"name":"wp","href":"https:\/\/api.w.org\/{rel}","templated":true}]}}