{"id":6398,"date":"2026-04-09T10:50:35","date_gmt":"2026-04-09T10:50:35","guid":{"rendered":"https:\/\/www.misstubebutik.com\/?post_type=product&#038;p=6398"},"modified":"2026-04-09T10:50:35","modified_gmt":"2026-04-09T10:50:35","slug":"fuat-gursen-tasli-gomlek","status":"publish","type":"product","link":"https:\/\/www.misstubebutik.com\/en\/shop\/fuat-gursen-tasli-gomlek\/","title":{"rendered":"Fuat G\u00fcr\u015fen Ta\u015fl\u0131 G\u00f6mlek"},"content":{"rendered":"<p>*\u0130nce \u00e7izgili \u015f\u0131k tasar\u0131m<\/p>\n<p>*\u0130nci ve ta\u015f i\u015flemeli \u00f6zel detay<\/p>\n<p>*Rahat kesim<\/p>\n<p>*G\u00fcnl\u00fck ve \u00f6zel kombinlere uygun<\/p>\n<p>*Yumu\u015fak ve hafif kuma\u015f<\/p>","protected":false},"excerpt":{"rendered":"<p>*\u0130nce \u00e7izgili \u015f\u0131k tasar\u0131m *\u0130nci ve ta\u015f i\u015flemeli \u00f6zel detay *Rahat kesim *G\u00fcnl\u00fck ve \u00f6zel kombinlere uygun *Yumu\u015fak&hellip;<\/p>","protected":false},"featured_media":6393,"comment_status":"open","ping_status":"closed","template":"","meta":[],"product_cat":[142,165],"product_tag":[172,174,173],"class_list":{"0":"post-6398","1":"product","2":"type-product","3":"status-publish","4":"has-post-thumbnail","6":"product_cat-gomlek","7":"product_cat-fuat-gursen","8":"product_tag-butik","9":"product_tag-kadinmodasi","10":"product_tag-sikgomlek","11":"pa_marka-1-beden-36-38","12":"pa_marka-2-beden-40-42","13":"pa_marka-3-beden42-44","15":"first","16":"instock","17":"shipping-taxable","18":"product-type-variable"},"_links":{"self":[{"href":"https:\/\/www.misstubebutik.com\/en\/wp-json\/wp\/v2\/product\/6398","targetHints":{"allow":["GET"]}}],"collection":[{"href":"https:\/\/www.misstubebutik.com\/en\/wp-json\/wp\/v2\/product"}],"about":[{"href":"https:\/\/www.misstubebutik.com\/en\/wp-json\/wp\/v2\/types\/product"}],"replies":[{"embeddable":true,"href":"https:\/\/www.misstubebutik.com\/en\/wp-json\/wp\/v2\/comments?post=6398"}],"version-history":[{"count":1,"href":"https:\/\/www.misstubebutik.com\/en\/wp-json\/wp\/v2\/product\/6398\/revisions"}],"predecessor-version":[{"id":6399,"href":"https:\/\/www.misstubebutik.com\/en\/wp-json\/wp\/v2\/product\/6398\/revisions\/6399"}],"wp:featuredmedia":[{"embeddable":true,"href":"https:\/\/www.misstubebutik.com\/en\/wp-json\/wp\/v2\/media\/6393"}],"wp:attachment":[{"href":"https:\/\/www.misstubebutik.com\/en\/wp-json\/wp\/v2\/media?parent=6398"}],"wp:term":[{"taxonomy":"product_cat","embeddable":true,"href":"https:\/\/www.misstubebutik.com\/en\/wp-json\/wp\/v2\/product_cat?post=6398"},{"taxonomy":"product_tag","embeddable":true,"href":"https:\/\/www.misstubebutik.com\/en\/wp-json\/wp\/v2\/product_tag?post=6398"}],"curies":[{"name":"wp","href":"https:\/\/api.w.org\/{rel}","templated":true}]}}